{"id":2027,"date":"2024-07-18T11:01:14","date_gmt":"2024-07-18T10:01:14","guid":{"rendered":"https:\/\/www.europartners.pt\/politica-cookies\/"},"modified":"2025-04-09T14:06:54","modified_gmt":"2025-04-09T13:06:54","slug":"cookie-policy","status":"publish","type":"page","link":"https:\/\/www.europartners.pt\/en\/cookie-policy\/","title":{"rendered":"Cookie Policy"},"content":{"rendered":"\t\t<div data-elementor-type=\"wp-page\" data-elementor-id=\"2027\" class=\"elementor elementor-2027 elementor-40\">\n\t\t\t\t<div class=\"elementor-element elementor-element-d6e0056 e-flex e-con-boxed parallax_section_no qode_elementor_container_no e-con e-parent\" data-id=\"d6e0056\" data-element_type=\"container\" data-settings=\"{&quot;background_background&quot;:&quot;classic&quot;}\">\n\t\t\t\t\t<div class=\"e-con-inner\">\n\t\t\t\t\t<\/div>\n\t\t\t\t<\/div>\n\t\t<div class=\"elementor-element elementor-element-450ad08 e-flex e-con-boxed parallax_section_no qode_elementor_container_no e-con e-parent\" data-id=\"450ad08\" data-element_type=\"container\">\n\t\t\t\t\t<div class=\"e-con-inner\">\n\t\t<div class=\"elementor-element elementor-element-03c7a52 e-con-full e-flex parallax_section_no qode_elementor_container_no e-con e-child\" data-id=\"03c7a52\" data-element_type=\"container\">\n\t\t\t\t<div class=\"elementor-element elementor-element-3e6a78f elementor-widget elementor-widget-text-editor\" data-id=\"3e6a78f\" data-element_type=\"widget\" data-widget_type=\"text-editor.default\">\n\t\t\t\t<div class=\"elementor-widget-container\">\n\t\t\t\t\t\t\t\t\t<h1 class=\"titlebar\"> Cookie Policy <\/h1>\n<div style=\"padding: 15px;\"><\/div>\n<p class=\"ws-serifed\"> This policy should be analysed in conjunction with and complementary to our <a href=\"\/en\/privacy-policy\/\" target=\"_blank\" rel=\"noopener\">Privacy Policy<\/a>. <\/p>\t\t\t\t\t\t\t\t<\/div>\n\t\t\t\t<\/div>\n\t\t\t\t<div class=\"elementor-element elementor-element-7e87308 elementor-widget elementor-widget-text-editor\" data-id=\"7e87308\" data-element_type=\"widget\" data-widget_type=\"text-editor.default\">\n\t\t\t\t<div class=\"elementor-widget-container\">\n\t\t\t\t\t\t\t\t\t<p><b>Who is the data controller?<\/b><br \/>The data controller for the website <a href=\"https:\/\/www.europartners.pt\/\"> www.europartners.pt<\/a> is Europartners \u2013 Gest\u00e3o e Solu\u00e7\u00f5es Empresariais, Lda with the contact email <a href=\"mailto:geral@europartners.pt\">geral@europartners.pt<\/a>.<\/p><p><b>What are cookies?<\/b><br \/>Cookies are small text files that websites send to the user&#8217;s browser and are stored on their device (computer, mobile phone or tablet). They are mainly used to store information about your visit to each website, preferences for certain types of information and the respective configuration parameters, allowing for a more personalised and efficient browsing experience. They are therefore tools that improve the user experience. Cookies do not harm users&#8217; electronic equipment in any way.<\/p><p><b>What are the functions of cookies?<\/b><br \/>Cookies fulfil a number of essential functions that improve the user&#8217;s web browsing experience, as well as making it easier for site administrators to understand how the site is used, ensuring that it presents relevant content to each user.<\/p><p><b>What types of cookies do we use?<\/b><br \/>Cookies fulfil a number of essential functions that improve the user&#8217;s web browsing experience, as well as making it easier for site administrators to understand how the site is used, ensuring that it presents relevant content to each user.<\/p><ul><li><strong>Strictly necessary cookies<\/strong>: These cookies are essential to enable navigation on the site and the use of its functionalities, including the recording of the user&#8217;s consent to the use of cookies by the site. These cookies cannot be rejected when using a website.<br \/>Retention period for data collected in this context: one year after collection.<\/li><li><strong>Functional cookies<\/strong>: allow websites to memorise information about the choices made by the user, such as username, language, region accessed from and personalisation of the browsing experience. These cookies expire when the user closes the browser window or are kept for longer to remember the user&#8217;s preferences.<br \/>Retention period for data collected in this context: one year after collection.<\/li><li><strong>Advertising cookies<\/strong>: collect information about a browser&#8217;s usage habits. They are used to support the realisation of more targeted marketing and communication actions, allowing individual usage preferences to be distinguished and identified or storing a code that allows a set of habits or preferences to be translated.<br \/>The advertising cookies we may use belong to Facebook and Google. Click <a href=\"http:\/\/www.facebook.com\/policies\/cookies\/\" target=\"_blank\" rel=\"noopener\">here<\/a> to consult Facebook&#8217;s Cookie Policy and <a href=\"http:\/\/policies.google.com\/technologies\/cookies?hl=pt-PT\" target=\"_blank\" rel=\"noopener\">here<\/a> to consult Google&#8217;s Cookie Policy.<br \/>Retention period for data collected in this context: eighteen months after collection.<\/li><li><strong>Analytical cookies<\/strong>: are used for statistical analysis, studying how users interact with the site and tracking its performance (e.g. which pages have the highest volume of visits). This offers a high quality experience because by particularising the offer it is easier to recognise and correct any problems. We use the Google Analytics tool, Facebook and its cookies. Click <a href=\"http:\/\/policies.google.com\/privacy?hl=pt-PT\" target=\"_blank\" rel=\"noopener\">here<\/a> to consult the Google Analytics Privacy Policy and <a href=\"http:\/\/www.facebook.com\/privacy\/explanation\" target=\"_blank\" rel=\"noopener\">here<\/a> to consult Facebook&#8217;s Privacy Policy.<br \/>Retention period for data collected in this context: two years after collection.<\/li><\/ul><p><strong>List of cookies we use:<\/strong><\/p><div class=\"ws_table_wrapper\"><table style=\"border: 1px solid #DADADA;\" width=\"800\"><tbody><tr><td><strong>Cookie<\/strong><\/td><td><strong>Domain<\/strong><\/td><td><strong>Description<\/strong><\/td><td><strong>Duration<\/strong><\/td><td><strong>Protocol<\/strong><\/td><td><strong>Type<\/strong><\/td><\/tr><tr><td>__utma<\/td><td>europartners.pt<\/td><td>Google Analytics sets this cookie to distinguish between users and sessions. The cookie is created when the JavaScript library is executed and there are no existing __utma cookies. The cookie is updated whenever data is sent to Google Analytics.<\/td><td>1 year 1 month 4 days<\/td><td>HTTP<\/td><td>Analytics<\/td><\/tr><tr><td>__utmb<\/td><td>europartners.pt<\/td><td>Google Analytics sets this cookie to determine new sessions\/visits. The __utmb cookie is created when the JavaScript library is executed and there are no existing __utma cookies. It is updated whenever data is sent to Google Analytics.<\/td><td>1 hour<\/td><td>HTTP<\/td><td>Analytics<\/td><\/tr><tr><td>__utmc<\/td><td>europartners.pt<\/td><td>Google Analytics sets this cookie to allow interoperability with urchin.js, an older version of Google Analytics, and it is used in conjunction with the __utmb cookie to determine new sessions\/visits. It is deleted when the user closes the browser.<\/td><td>session<\/td><td>HTTP<\/td><td>Analytics<\/td><\/tr><tr><td>__utmt<\/td><td>europartners.pt<\/td><td>Google Analytics sets this cookie to inhibit the request rate.<\/td><td>10 minutes<\/td><td>HTTP<\/td><td>Analytics<\/td><\/tr><tr><td>__utmz<\/td><td>europartners.pt<\/td><td>Google Analytics sets this cookie to store the origin of the traffic or campaign through which the visitor arrived at the site.<\/td><td>6 months<\/td><td>HTTP<\/td><td>Analytics<\/td><\/tr><tr><td>_clsk<\/td><td>europartners.pt<\/td><td>Microsofty Clarity cookie for storing and combining a user&#8217;s page views in a single session recording.<\/td><td>1 days<\/td><td>HTTP<\/td><td>Analytics<\/td><\/tr><tr><td>_ga<\/td><td>europartners.pt<\/td><td>Google Analytics User Identification Cookie<\/td><td>2 years<\/td><td>HTTP<\/td><td>Analytics<\/td><\/tr><tr><td>_gid<\/td><td>google.com<\/td><td>Google Analytics cookie to store and count page views<\/td><td>1 day<\/td><td>HTTP<\/td><td>Analytics<\/td><\/tr><tr><td>CLID<\/td><td>www.clarity.ms<\/td><td>Cookie that Identifies the first time Clarity saw this user on any site using Clarity<\/td><td>1 year<\/td><td>HTTP<\/td><td>Analytics<\/td><\/tr><tr><td>_clck<\/td><td>europartners.pt<\/td><td>Microsofty Clarity cookie to store the user&#8217;s unique ID<\/td><td>1 year<\/td><td>HTTP<\/td><td>Marketing<\/td><\/tr><tr><td>_fbp<\/td><td>europartners.pt<\/td><td>Facebook advertising cookie to store and track website visits<\/td><td>3 months<\/td><td>HTTP<\/td><td>Marketing<\/td><\/tr><tr><td>_ga_926PD7BYMJ<\/td><td>europartners.pt<\/td><td>Google Analytics cookie to store and count page views<\/td><td>2 years<\/td><td>HTTP<\/td><td>Marketing<\/td><\/tr><tr><td>_gcl_au<\/td><td>europartners.pt<\/td><td>Google Adsense cookie to save and track conversions<\/td><td>3 months<\/td><td>HTTP<\/td><td>Marketing<\/td><\/tr><tr><td>IDE<\/td><td>doubleclick.net<\/td><td>Goocie from Google DoubleClick for adverts or retargeting.<\/td><td>2 years<\/td><td>HTTP<\/td><td>Marketing<\/td><\/tr><tr><td>SSID<\/td><td>youtube.com<\/td><td>The \u2018SSID\u2019 cookie is used to play YouTube videos embedded on the site.<\/td><td>1 year<\/td><td>HTTP<\/td><td>Marketing<\/td><\/tr><tr><td>test_cookie<\/td><td>doubleclick.net<\/td><td>A generic test cookie set by a wide variety of web platforms.<\/td><td>Session<\/td><td>HTTP<\/td><td>Marketing<\/td><\/tr><tr><td>VISITOR_INFO1_LIVE<\/td><td>youtube.com<\/td><td>Cookie do YouTube<\/td><td>6 months<\/td><td>HTTP<\/td><td>Marketing<\/td><\/tr><tr><td>_GRECAPTCHA<\/td><td>www.google.com<\/td><td>Google Recapctha cookie to prevent spam when filling in forms<\/td><td>180days<\/td><td>HTTP<\/td><td>Necessary<\/td><\/tr><tr><td>PHPSESSID<\/td><td>europartners.pt<\/td><td>Generic PHP session cookie<\/td><td>54 years<\/td><td>HTTP<\/td><td>Necessary<\/td><\/tr><tr><td>wpl_user_preference<\/td><td>europartners.pt<\/td><td>WP GDPR Consent preference cookie<\/td><td>1 year<\/td><td>HTTP<\/td><td>Necessary<\/td><\/tr><tr><td>YSC<\/td><td>youtube.com<\/td><td>YouTube session cookie<\/td><td>54 years<\/td><td>HTTP<\/td><td>Necessary<\/td><\/tr><tr><td>cookie_notice_accepted<\/td><td>europartners.pt<\/td><td>Cookie Notice plugin preference acceptance cookie<\/td><td>1 hour<\/td><td>HTTP<\/td><td>Necessary<\/td><\/tr><tr><td>wpl_viewed_cookie<\/td><td>europartners.pt<\/td><td>WP GDPR Consent control cookie<\/td><td>9 months<\/td><td>HTTP<\/td><td>Necessary<\/td><\/tr><\/tbody><\/table><\/div><p><b>How can you manage cookies?<\/b><br \/>Depending on your browser, there are different ways of managing the cookies implemented by the websites you browse. There is no single way to remove them. However, all browsers allow you to generally remove cookies from your computer. We remind you that disabling cookies means that all or some of the available features may disappear, penalising your browsing experience.<\/p><p>To manage the use of cookies in your browser, follow these steps:<\/p><ul><li><strong>Google Chrome<\/strong><br \/>&#8211; Select the \u2018Settings\u2019 menu;<br \/>&#8211; Select the \u2018Show advanced settings\u2019 option;<br \/>&#8211; Under \u2018Privacy\u2019, select \u2018Content Settings\u2019.<br \/>More information <a href=\"\u201chttps:\/\/support.mozilla.org\/pt-BR\/kb\/cookies-informacoes-sites-armazenam-no-computador&quot;\">here<\/a>.<\/li><li><strong>Internet Explorer<\/strong><br \/>&#8211; Select the \u2018Tools\u2019 menu;<br \/>&#8211; Select the \u2018Internet Options\u2019 option;<br \/>&#8211; Select the \u2018Privacy\u2019 tab.<br \/>More information <a href=\"\u201chttps:\/\/support.microsoft.com\/pt-pt\/help\/17442\/windows-internet-explorer-delete-manage-cookies&quot;\">here<\/a>.<\/li><li><strong>Safari<\/strong><br \/>&#8211; Select the \u2018Edit\u2019 menu;<br \/>&#8211; Select the \u2018Preferences\u2019 option;<br \/>&#8211; At the top, select the \u2018Privacy\u2019 icon.<br \/>More information <a href=\"https:\/\/support.google.com\/accounts\/answer\/61416?co=GENIE.Platform%3DiOS&amp;hl=pt-BR\">here<\/a>.<\/li><\/ul><p>If you use more than one browser, you will have to manage cookies independently for each one.<br \/>More information on cookies at: <a href=\"\u201chttps:\/\/www.allaboutcookies.org&quot;\">www.allaboutcookies.org<\/a><\/p><p><b>Updating the cookies policy<\/b><\/p><p>We reserve the right to make changes to this Cookie Policy at any time, which will be duly publicised.<br \/><br \/>Last updated: August 30th, 2024<\/p>\t\t\t\t\t\t\t\t<\/div>\n\t\t\t\t<\/div>\n\t\t\t\t<\/div>\n\t\t\t\t\t<\/div>\n\t\t\t\t<\/div>\n\t\t\t\t<\/div>\n\t\t","protected":false},"excerpt":{"rendered":"<p>Cookie Policy This policy should be analysed in conjunction with and complementary to our Privacy Policy. Who is the data controller?The data controller for the website www.europartners.pt is Europartners \u2013 Gest\u00e3o e Solu\u00e7\u00f5es Empresariais, Lda with the contact email geral@europartners.pt. What are cookies?Cookies are small&#8230;<\/p>\n","protected":false},"author":1,"featured_media":0,"parent":0,"menu_order":0,"comment_status":"closed","ping_status":"closed","template":"","meta":{"footnotes":""},"class_list":["post-2027","page","type-page","status-publish","hentry"],"aioseo_notices":[],"_links":{"self":[{"href":"https:\/\/www.europartners.pt\/en\/wp-json\/wp\/v2\/pages\/2027","targetHints":{"allow":["GET"]}}],"collection":[{"href":"https:\/\/www.europartners.pt\/en\/wp-json\/wp\/v2\/pages"}],"about":[{"href":"https:\/\/www.europartners.pt\/en\/wp-json\/wp\/v2\/types\/page"}],"author":[{"embeddable":true,"href":"https:\/\/www.europartners.pt\/en\/wp-json\/wp\/v2\/users\/1"}],"replies":[{"embeddable":true,"href":"https:\/\/www.europartners.pt\/en\/wp-json\/wp\/v2\/comments?post=2027"}],"version-history":[{"count":4,"href":"https:\/\/www.europartners.pt\/en\/wp-json\/wp\/v2\/pages\/2027\/revisions"}],"predecessor-version":[{"id":2162,"href":"https:\/\/www.europartners.pt\/en\/wp-json\/wp\/v2\/pages\/2027\/revisions\/2162"}],"wp:attachment":[{"href":"https:\/\/www.europartners.pt\/en\/wp-json\/wp\/v2\/media?parent=2027"}],"curies":[{"name":"wp","href":"https:\/\/api.w.org\/{rel}","templated":true}]}}